{"id":100,"date":"2019-09-14T17:30:48","date_gmt":"2019-09-14T15:30:48","guid":{"rendered":"https:\/\/www.cec-mouries.fr\/?page_id=100"},"modified":"2022-01-09T18:01:58","modified_gmt":"2022-01-09T17:01:58","slug":"contact","status":"publish","type":"page","link":"https:\/\/www.cec-mouries.fr\/","title":{"rendered":"Accueil"},"content":{"rendered":"<p>[et_pb_section fb_built=\u00a0\u00bb1&Prime; admin_label=\u00a0\u00bbsection\u00a0\u00bb _builder_version=\u00a0\u00bb4.2.2&Prime; background_image=\u00a0\u00bbhttps:\/\/www.cec-mouries.fr\/wp-content\/uploads\/2020\/02\/entete-scaled.jpg\u00a0\u00bb background_size=\u00a0\u00bbcontain\u00a0\u00bb width=\u00a0\u00bb100%\u00a0\u00bb min_height=\u00a0\u00bb452px\u00a0\u00bb custom_padding=\u00a0\u00bb||8px|||\u00a0\u00bb bottom_divider_height=\u00a0\u00bb64px\u00a0\u00bb global_colors_info=\u00a0\u00bb{}\u00a0\u00bb][et_pb_row _builder_version=\u00a0\u00bb4.2.2&Prime; width=\u00a0\u00bb86%\u00a0\u00bb max_width=\u00a0\u00bb1106px\u00a0\u00bb custom_margin=\u00a0\u00bb-60px|auto||auto||\u00a0\u00bb global_colors_info=\u00a0\u00bb{}\u00a0\u00bb][et_pb_column type=\u00a0\u00bb4_4&Prime; _builder_version=\u00a0\u00bb4.2.2&Prime; global_colors_info=\u00a0\u00bb{}\u00a0\u00bb][et_pb_menu menu_style=\u00a0\u00bbcentered\u00a0\u00bb active_link_color=\u00a0\u00bb#a8430d\u00a0\u00bb menu_icon_color=\u00a0\u00bb#FFFFFF\u00a0\u00bb _builder_version=\u00a0\u00bb4.2.2&Prime; menu_font_size=\u00a0\u00bb20px\u00a0\u00bb background_color=\u00a0\u00bb#339028&Prime; background_layout=\u00a0\u00bbdark\u00a0\u00bb custom_margin=\u00a0\u00bb-14px|||||\u00a0\u00bb custom_padding=\u00a0\u00bb10px|10px|10px|10px|false|false\u00a0\u00bb global_colors_info=\u00a0\u00bb{}\u00a0\u00bb][\/et_pb_menu][\/et_pb_column][\/et_pb_row][\/et_pb_section][et_pb_section fb_built=\u00a0\u00bb1&Prime; _builder_version=\u00a0\u00bb4.2.2&Prime; background_enable_color=\u00a0\u00bboff\u00a0\u00bb background_image=\u00a0\u00bbhttps:\/\/www.cec-mouries.fr\/wp-content\/uploads\/2020\/01\/oilseed-rape-2135026-scaled.jpg\u00a0\u00bb parallax=\u00a0\u00bbon\u00a0\u00bb parallax_method=\u00a0\u00bboff\u00a0\u00bb min_height=\u00a0\u00bb1468px\u00a0\u00bb custom_margin=\u00a0\u00bb-2px|||||\u00a0\u00bb custom_padding=\u00a0\u00bb18px|||||\u00a0\u00bb global_colors_info=\u00a0\u00bb{}\u00a0\u00bb][et_pb_row _builder_version=\u00a0\u00bb4.2.2&Prime; background_color=\u00a0\u00bb#FFFFFF\u00a0\u00bb border_radii=\u00a0\u00bbon|10px|10px|10px|10px\u00a0\u00bb global_colors_info=\u00a0\u00bb{}\u00a0\u00bb][et_pb_column type=\u00a0\u00bb4_4&Prime; _builder_version=\u00a0\u00bb4.2.2&Prime; global_colors_info=\u00a0\u00bb{}\u00a0\u00bb][et_pb_text _builder_version=\u00a0\u00bb4.2.2&Prime; global_colors_info=\u00a0\u00bb{}\u00a0\u00bb]<\/p>\n<h1 style=\"text-align: center;\">Activit\u00e9s pratiqu\u00e9es<\/h1>\n<p>[\/et_pb_text][et_pb_text _builder_version=\u00a0\u00bb4.2.2&Prime; global_colors_info=\u00a0\u00bb{}\u00a0\u00bb]<\/p>\n<p style=\"text-align: center;\"><strong>Ecole du chiot &#8211; Education &#8211; Ob\u00e9issance &#8211; Agility &#8211; Ring<\/strong><\/p>\n<p><!-- \/divi:paragraph --><\/p>\n<p style=\"text-align: center;\"><!-- divi:paragraph -->(<span style=\"text-decoration: underline;\">Affili\u00e9 \u00e0 la S.C.M.C.A<\/span> DEPUIS 1989 &#8211; ID SCC 0898\/HA0898)<\/p>\n<p><!-- \/divi:paragraph --><\/p>\n<p style=\"text-align: center;\"><!-- divi:paragraph -->Notre club est habilit\u00e9 \u00e0 faire passer le permis de d\u00e9tention aux propri\u00e9taires de chiens de 1\u00e8re et 2\u00e8me cat\u00e9gorie.<\/p>\n<p>[\/et_pb_text][\/et_pb_column][\/et_pb_row][et_pb_row _builder_version=\u00a0\u00bb4.2.2&Prime; global_colors_info=\u00a0\u00bb{}\u00a0\u00bb][et_pb_column type=\u00a0\u00bb4_4&Prime; _builder_version=\u00a0\u00bb4.2.2&Prime; global_colors_info=\u00a0\u00bb{}\u00a0\u00bb][et_pb_image src=\u00a0\u00bbhttps:\/\/www.cec-mouries.fr\/wp-content\/uploads\/2019\/09\/groupe-1-e1579811516671.jpeg\u00a0\u00bb align=\u00a0\u00bbcenter\u00a0\u00bb _builder_version=\u00a0\u00bb4.2.2&Prime; border_radii=\u00a0\u00bbon|10px|10px|10px|10px\u00a0\u00bb global_colors_info=\u00a0\u00bb{}\u00a0\u00bb][\/et_pb_image][et_pb_image src=\u00a0\u00bbhttps:\/\/www.cec-mouries.fr\/wp-content\/uploads\/2019\/09\/groupe8-e1579811496994.jpg\u00a0\u00bb align=\u00a0\u00bbcenter\u00a0\u00bb _builder_version=\u00a0\u00bb4.2.2&Prime; border_radii=\u00a0\u00bbon|10px|10px|10px|10px\u00a0\u00bb global_colors_info=\u00a0\u00bb{}\u00a0\u00bb][\/et_pb_image][\/et_pb_column][\/et_pb_row][\/et_pb_section][et_pb_section fb_built=\u00a0\u00bb1&Prime; _builder_version=\u00a0\u00bb4.2.2&Prime; background_color=\u00a0\u00bb#260F03&Prime; custom_padding=\u00a0\u00bb147px||2px|||\u00a0\u00bb top_divider_color=\u00a0\u00bb#7CDA24&Prime; global_colors_info=\u00a0\u00bb{}\u00a0\u00bb][et_pb_row column_structure=\u00a0\u00bb1_2,1_2&Prime; _builder_version=\u00a0\u00bb4.2.2&Prime; width=\u00a0\u00bb86%\u00a0\u00bb max_width=\u00a0\u00bb1428px\u00a0\u00bb custom_padding=\u00a0\u00bb21px|||||\u00a0\u00bb global_colors_info=\u00a0\u00bb{}\u00a0\u00bb][et_pb_column type=\u00a0\u00bb1_2&Prime; _builder_version=\u00a0\u00bb4.2.2&Prime; global_colors_info=\u00a0\u00bb{}\u00a0\u00bb][et_pb_text _builder_version=\u00a0\u00bb4.2.2&Prime; background_layout=\u00a0\u00bbdark\u00a0\u00bb global_colors_info=\u00a0\u00bb{}\u00a0\u00bb]<\/p>\n<p><a href=\"https:\/\/www.cec-mouries.fr\/index.php\/mentions-legales\/\">Mentions l\u00e9gales<\/a> &#8211; <a href=\"https:\/\/www.cec-mouries.fr\/index.php\/politique-de-confidentialite\/\">Politique de confidentialit\u00e9<\/a><\/p>\n<p>[\/et_pb_text][\/et_pb_column][et_pb_column type=\u00a0\u00bb1_2&Prime; _builder_version=\u00a0\u00bb4.2.2&Prime; global_colors_info=\u00a0\u00bb{}\u00a0\u00bb][et_pb_text _builder_version=\u00a0\u00bb4.2.2&Prime; background_layout=\u00a0\u00bbdark\u00a0\u00bb global_colors_info=\u00a0\u00bb{}\u00a0\u00bb]<\/p>\n<p style=\"text-align: right;\">Webdesigned by <a href=\"https:\/\/www.sicreation.fr\">SI CREATION<\/a> &amp; <a href=\"https:\/\/www.vgi-production.fr\">VGI PRODUCTION<\/a><\/p>\n<p>[\/et_pb_text][\/et_pb_column][\/et_pb_row][\/et_pb_section]<\/p>\n","protected":false},"excerpt":{"rendered":"<p>Activit\u00e9s pratiqu\u00e9esEcole du chiot &#8211; Education &#8211; Ob\u00e9issance &#8211; Agility &#8211; Ring (Affili\u00e9 \u00e0 la S.C.M.C.A DEPUIS 1989 &#8211; ID SCC 0898\/HA0898) Notre club est habilit\u00e9 \u00e0 faire passer le permis de d\u00e9tention aux propri\u00e9taires de chiens de 1\u00e8re et 2\u00e8me cat\u00e9gorie.Mentions l\u00e9gales &#8211; Politique de confidentialit\u00e9Webdesigned by SI CREATION &amp; VGI PRODUCTION<\/p>\n","protected":false},"author":3,"featured_media":0,"parent":0,"menu_order":0,"comment_status":"closed","ping_status":"closed","template":"page-template-blank.php","meta":{"_et_pb_use_builder":"on","_et_pb_old_content":"<!-- wp:paragraph {\"textColor\":\"very-light-gray\",\"customBackgroundColor\":\"#1fbc2e\",\"fontSize\":\"large\"} -->\n<p style=\"background-color:#1fbc2e\" class=\"has-text-color has-background has-large-font-size has-very-light-gray-color\"><strong>Activit\u00e9s Pratiqu\u00e9es: <\/strong><\/p>\n<!-- \/wp:paragraph -->\n\n<!-- wp:paragraph -->\n<p> Ecole du chiot - Education - Ob\u00e9issance - Agility - Ring <\/p>\n<!-- \/wp:paragraph -->\n\n<!-- wp:paragraph -->\n<p>(Affili\u00e9 \u00e0 la S.C.M.C.A DEPUIS 1989 - ID SCC  0898\/HA0898)<\/p>\n<!-- \/wp:paragraph -->\n\n<!-- wp:paragraph -->\n<p>Notre club est habilit\u00e9 \u00e0 faire passer le permis de d\u00e9tention aux propri\u00e9taires de chiens de 1\u00e8re et 2\u00e8me cat\u00e9gorie.<\/p>\n<!-- \/wp:paragraph -->\n\n<!-- wp:separator {\"className\":\"is-style-dots\"} -->\n<hr class=\"wp-block-separator is-style-dots\"\/>\n<!-- \/wp:separator -->\n\n<!-- wp:spacer {\"height\":50} -->\n<div style=\"height:50px\" aria-hidden=\"true\" class=\"wp-block-spacer\"><\/div>\n<!-- \/wp:spacer -->\n\n<!-- wp:image {\"id\":224} -->\n<figure class=\"wp-block-image\"><img src=\"https:\/\/www.cec-mouries.fr\/wp-content\/uploads\/2019\/09\/groupe-1-e1568725047457-1024x728.jpeg\" alt=\"\" class=\"wp-image-224\"\/><\/figure>\n<!-- \/wp:image -->\n\n<!-- wp:image {\"id\":230} -->\n<figure class=\"wp-block-image\"><img src=\"https:\/\/www.cec-mouries.fr\/wp-content\/uploads\/2019\/09\/groupe8-1024x683.jpg\" alt=\"\" class=\"wp-image-230\"\/><\/figure>\n<!-- \/wp:image -->","_et_gb_content_width":"","footnotes":""},"class_list":["post-100","page","type-page","status-publish","hentry"],"_links":{"self":[{"href":"https:\/\/www.cec-mouries.fr\/index.php\/wp-json\/wp\/v2\/pages\/100","targetHints":{"allow":["GET"]}}],"collection":[{"href":"https:\/\/www.cec-mouries.fr\/index.php\/wp-json\/wp\/v2\/pages"}],"about":[{"href":"https:\/\/www.cec-mouries.fr\/index.php\/wp-json\/wp\/v2\/types\/page"}],"author":[{"embeddable":true,"href":"https:\/\/www.cec-mouries.fr\/index.php\/wp-json\/wp\/v2\/users\/3"}],"replies":[{"embeddable":true,"href":"https:\/\/www.cec-mouries.fr\/index.php\/wp-json\/wp\/v2\/comments?post=100"}],"version-history":[{"count":56,"href":"https:\/\/www.cec-mouries.fr\/index.php\/wp-json\/wp\/v2\/pages\/100\/revisions"}],"predecessor-version":[{"id":817,"href":"https:\/\/www.cec-mouries.fr\/index.php\/wp-json\/wp\/v2\/pages\/100\/revisions\/817"}],"wp:attachment":[{"href":"https:\/\/www.cec-mouries.fr\/index.php\/wp-json\/wp\/v2\/media?parent=100"}],"curies":[{"name":"wp","href":"https:\/\/api.w.org\/{rel}","templated":true}]}}