{"id":149,"date":"2019-09-16T15:47:38","date_gmt":"2019-09-16T13:47:38","guid":{"rendered":"https:\/\/www.cec-mouries.fr\/?page_id=149"},"modified":"2020-02-01T14:20:18","modified_gmt":"2020-02-01T13:20:18","slug":"contact-2","status":"publish","type":"page","link":"https:\/\/www.cec-mouries.fr\/index.php\/contact-2\/","title":{"rendered":"Contact"},"content":{"rendered":"<p>[et_pb_section fb_built=\u00a0\u00bb1&Prime; admin_label=\u00a0\u00bbsection\u00a0\u00bb _builder_version=\u00a0\u00bb4.2.2&Prime; background_image=\u00a0\u00bbhttps:\/\/www.cec-mouries.fr\/wp-content\/uploads\/2020\/02\/entete-scaled.jpg\u00a0\u00bb background_size=\u00a0\u00bbcontain\u00a0\u00bb width=\u00a0\u00bb100%\u00a0\u00bb min_height=\u00a0\u00bb452px\u00a0\u00bb custom_padding=\u00a0\u00bb||0px|||\u00a0\u00bb bottom_divider_height=\u00a0\u00bb64px\u00a0\u00bb hover_enabled=\u00a0\u00bb0&Prime;][et_pb_row _builder_version=\u00a0\u00bb4.2.2&Prime; width=\u00a0\u00bb86%\u00a0\u00bb max_width=\u00a0\u00bb1106px\u00a0\u00bb custom_margin=\u00a0\u00bb-60px|auto||auto||\u00a0\u00bb][et_pb_column type=\u00a0\u00bb4_4&Prime; _builder_version=\u00a0\u00bb4.2.2&Prime;][et_pb_menu menu_style=\u00a0\u00bbcentered\u00a0\u00bb active_link_color=\u00a0\u00bb#a8430d\u00a0\u00bb menu_icon_color=\u00a0\u00bb#FFFFFF\u00a0\u00bb _builder_version=\u00a0\u00bb4.2.2&Prime; menu_font_size=\u00a0\u00bb20px\u00a0\u00bb background_color=\u00a0\u00bb#339028&Prime; background_layout=\u00a0\u00bbdark\u00a0\u00bb custom_margin=\u00a0\u00bb-14px|||||\u00a0\u00bb custom_padding=\u00a0\u00bb10px|10px|10px|10px|false|false\u00a0\u00bb][\/et_pb_menu][\/et_pb_column][\/et_pb_row][\/et_pb_section][et_pb_section fb_built=\u00a0\u00bb1&Prime; _builder_version=\u00a0\u00bb4.2.2&Prime; background_image=\u00a0\u00bbhttps:\/\/www.cec-mouries.fr\/wp-content\/uploads\/2020\/01\/compass-3155884-scaled.jpg\u00a0\u00bb parallax=\u00a0\u00bbon\u00a0\u00bb parallax_method=\u00a0\u00bboff\u00a0\u00bb custom_margin=\u00a0\u00bb-3px|||||\u00a0\u00bb custom_padding=\u00a0\u00bb151px||177px|||\u00a0\u00bb][et_pb_row column_structure=\u00a0\u00bb1_2,1_2&Prime; _builder_version=\u00a0\u00bb4.2.2&Prime;][et_pb_column type=\u00a0\u00bb1_2&Prime; _builder_version=\u00a0\u00bb4.2.2&Prime;][et_pb_text _builder_version=\u00a0\u00bb4.2.2&Prime; text_line_height=\u00a0\u00bb1em\u00a0\u00bb header_line_height=\u00a0\u00bb1.9em\u00a0\u00bb background_color=\u00a0\u00bb#FFFFFF\u00a0\u00bb custom_padding=\u00a0\u00bb||20px||false|false\u00a0\u00bb border_radii=\u00a0\u00bbon|10px|10px|10px|10px\u00a0\u00bb]<\/p>\n<h1 style=\"text-align: center;\"><strong>Adresse: <\/strong><\/h1>\n<p><!-- \/divi:paragraph --><\/p>\n<p style=\"text-align: center;\"><!-- divi:paragraph -->Quartier Croix du Jubil\u00e9<\/p>\n<p style=\"text-align: center;\"><!-- \/divi:paragraph --><\/p>\n<p style=\"text-align: center;\"><!-- divi:paragraph --> 13890 MOURIES<\/p>\n<p style=\"text-align: center;\"><!-- \/divi:paragraph --><\/p>\n<p style=\"text-align: center;\"><!-- divi:paragraph -->Coordonn\u00e9es GPS : 43.68440 &#8211; 4.86180<\/p>\n<p style=\"text-align: center;\"><!-- \/divi:paragraph --><\/p>\n<p style=\"text-align: center;\"><!-- divi:paragraph -->T\u00e9l : 06 83 24 69 09<\/p>\n<p style=\"text-align: center;\"><!-- \/divi:paragraph --><\/p>\n<p style=\"text-align: center;\"><!-- divi:paragraph -->Mail : <a href=\"mailto:renemartinez2305@gmail.com \">renemartinez2305@gmail.com <\/a><\/p>\n<p style=\"text-align: center;\">ou contact@cec-mouries.fr<\/p>\n<p style=\"text-align: center;\"><!-- \/divi:paragraph --><\/p>\n<p style=\"text-align: center;\"><!-- divi:paragraph -->Page Facebook: <a href=\"https:\/\/www.facebook.com\/Club-d\u00e9ducation-canine-de-Mouri\u00e8s-CEC-Mouri\u00e8s-1689519144636769\/\">Club canin de Mouri\u00e8s<\/a><\/p>\n<p>[\/et_pb_text][\/et_pb_column][et_pb_column type=\u00a0\u00bb1_2&Prime; _builder_version=\u00a0\u00bb4.2.2&Prime;][et_pb_code _builder_version=\u00a0\u00bb4.2.2&Prime;]<iframe loading=\"lazy\" src=\"https:\/\/www.google.com\/maps\/embed?pb=!1m18!1m12!1m3!1d11540.244376304749!2d4.854183375295144!3d43.68849325653356!2m3!1f0!2f0!3f0!3m2!1i1024!2i768!4f13.1!3m3!1m2!1s0x12b60826212e29b7%3A0xf9574ffc21303341!2sClub%20Canin%20De%20Mouries!5e0!3m2!1sfr!2sfr!4v1580307641205!5m2!1sfr!2sfr\" width=\"600\" height=\"450\" frameborder=\"0\" style=\"border:0;\" allowfullscreen=\"\"><\/iframe>[\/et_pb_code][\/et_pb_column][\/et_pb_row][\/et_pb_section][et_pb_section fb_built=\u00a0\u00bb1&Prime; _builder_version=\u00a0\u00bb4.2.2&Prime; background_color=\u00a0\u00bb#260F03&Prime; custom_padding=\u00a0\u00bb147px||2px|||\u00a0\u00bb top_divider_color=\u00a0\u00bb#7CDA24&Prime;][et_pb_row column_structure=\u00a0\u00bb1_2,1_2&Prime; _builder_version=\u00a0\u00bb4.2.2&Prime; width=\u00a0\u00bb86%\u00a0\u00bb max_width=\u00a0\u00bb1428px\u00a0\u00bb custom_padding=\u00a0\u00bb21px|||||\u00a0\u00bb][et_pb_column type=\u00a0\u00bb1_2&Prime; _builder_version=\u00a0\u00bb4.2.2&Prime;][et_pb_text _builder_version=\u00a0\u00bb4.2.2&Prime; background_layout=\u00a0\u00bbdark\u00a0\u00bb]<\/p>\n<p><a href=\"https:\/\/www.cec-mouries.fr\/index.php\/mentions-legales\/\">Mentions l\u00e9gales<\/a> &#8211; <a href=\"https:\/\/www.cec-mouries.fr\/index.php\/politique-de-confidentialite\/\">Politique de confidentialit\u00e9<\/a><\/p>\n<p>[\/et_pb_text][\/et_pb_column][et_pb_column type=\u00a0\u00bb1_2&Prime; _builder_version=\u00a0\u00bb4.2.2&Prime;][et_pb_text _builder_version=\u00a0\u00bb4.2.2&Prime; background_layout=\u00a0\u00bbdark\u00a0\u00bb]<\/p>\n<p style=\"text-align: right;\">Webdesigned by <a href=\"https:\/\/www.sicreation.fr\">SI CREATION<\/a> &amp; <a href=\"https:\/\/www.vgi-production.fr\">VGI PRODUCTION<\/a><\/p>\n<p>[\/et_pb_text][\/et_pb_column][\/et_pb_row][\/et_pb_section]<\/p>\n","protected":false},"excerpt":{"rendered":"<p>Adresse: Quartier Croix du Jubil\u00e9 13890 MOURIES Coordonn\u00e9es GPS : 43.68440 &#8211; 4.86180 T\u00e9l : 06 83 24 69 09 Mail : renemartinez2305@gmail.com ou contact@cec-mouries.fr Page Facebook: Club canin de Mouri\u00e8sMentions l\u00e9gales &#8211; Politique de confidentialit\u00e9Webdesigned by SI CREATION &amp; VGI PRODUCTION<\/p>\n","protected":false},"author":3,"featured_media":0,"parent":0,"menu_order":0,"comment_status":"closed","ping_status":"closed","template":"page-template-blank.php","meta":{"_et_pb_use_builder":"on","_et_pb_old_content":"<!-- wp:paragraph -->\n<p><strong>Adresse: <\/strong><\/p>\n<!-- \/wp:paragraph -->\n\n<!-- wp:paragraph -->\n<p>Quartier Croix du Jubil\u00e9<\/p>\n<!-- \/wp:paragraph -->\n\n<!-- wp:paragraph -->\n<p> 13890 MOURIES<\/p>\n<!-- \/wp:paragraph -->\n\n<!-- wp:paragraph -->\n<p>Coordonn\u00e9es GPS : 43.68440 - 4.86180<\/p>\n<!-- \/wp:paragraph -->\n\n<!-- wp:paragraph -->\n<p>T\u00e9l :  06 83 24 69 09<\/p>\n<!-- \/wp:paragraph -->\n\n<!-- wp:paragraph -->\n<p>Mail : renemartinez2305@gmail.com ou contact@cec-mouries.fr<\/p>\n<!-- \/wp:paragraph -->\n\n<!-- wp:paragraph -->\n<p>Page Facebook: <a href=\"https:\/\/www.facebook.com\/Club-d\u00e9ducation-canine-de-Mouri\u00e8s-CEC-Mouri\u00e8s-1689519144636769\/\">Club canin de Mouri\u00e8s<\/a><\/p>\n<!-- \/wp:paragraph -->\n\n<!-- wp:html -->\n<figure><iframe width=\"600\" height=\"450\" src=\"https:\/\/www.google.com\/maps\/embed?pb=!1m18!1m12!1m3!1d2885.2577859878533!2d4.859611315406692!3d43.68440385843056!2m3!1f0!2f0!3f0!3m2!1i1024!2i768!4f13.1!3m3!1m2!1s0x12b60826212e29b7%3A0xf9574ffc21303341!2sClub%20Canin%20De%20Mouries!5e0!3m2!1sfr!2sfr!4v1568748084309!5m2!1sfr!2sfr\" allowfullscreen=\"\"><\/iframe><\/figure>\n<!-- \/wp:html -->","_et_gb_content_width":"","footnotes":""},"class_list":["post-149","page","type-page","status-publish","hentry"],"_links":{"self":[{"href":"https:\/\/www.cec-mouries.fr\/index.php\/wp-json\/wp\/v2\/pages\/149","targetHints":{"allow":["GET"]}}],"collection":[{"href":"https:\/\/www.cec-mouries.fr\/index.php\/wp-json\/wp\/v2\/pages"}],"about":[{"href":"https:\/\/www.cec-mouries.fr\/index.php\/wp-json\/wp\/v2\/types\/page"}],"author":[{"embeddable":true,"href":"https:\/\/www.cec-mouries.fr\/index.php\/wp-json\/wp\/v2\/users\/3"}],"replies":[{"embeddable":true,"href":"https:\/\/www.cec-mouries.fr\/index.php\/wp-json\/wp\/v2\/comments?post=149"}],"version-history":[{"count":15,"href":"https:\/\/www.cec-mouries.fr\/index.php\/wp-json\/wp\/v2\/pages\/149\/revisions"}],"predecessor-version":[{"id":512,"href":"https:\/\/www.cec-mouries.fr\/index.php\/wp-json\/wp\/v2\/pages\/149\/revisions\/512"}],"wp:attachment":[{"href":"https:\/\/www.cec-mouries.fr\/index.php\/wp-json\/wp\/v2\/media?parent=149"}],"curies":[{"name":"wp","href":"https:\/\/api.w.org\/{rel}","templated":true}]}}