{"id":48,"date":"2019-09-14T15:56:38","date_gmt":"2019-09-14T13:56:38","guid":{"rendered":"https:\/\/www.cec-mouries.fr\/?page_id=48"},"modified":"2020-06-24T09:39:51","modified_gmt":"2020-06-24T07:39:51","slug":"ecole-education-et-obeissance","status":"publish","type":"page","link":"https:\/\/www.cec-mouries.fr\/index.php\/ecole-education-et-obeissance\/","title":{"rendered":"Ecole du Chiot, Education et Ob\u00e9issance"},"content":{"rendered":"<p>[et_pb_section fb_built=\u00a0\u00bb1&Prime; admin_label=\u00a0\u00bbsection\u00a0\u00bb _builder_version=\u00a0\u00bb4.2.2&Prime; background_image=\u00a0\u00bbhttps:\/\/www.cec-mouries.fr\/wp-content\/uploads\/2020\/02\/entete-scaled.jpg\u00a0\u00bb background_size=\u00a0\u00bbcontain\u00a0\u00bb width=\u00a0\u00bb100%\u00a0\u00bb min_height=\u00a0\u00bb453px\u00a0\u00bb custom_padding=\u00a0\u00bb||0px|||\u00a0\u00bb bottom_divider_height=\u00a0\u00bb64px\u00a0\u00bb][et_pb_row _builder_version=\u00a0\u00bb4.2.2&Prime; width=\u00a0\u00bb86%\u00a0\u00bb max_width=\u00a0\u00bb1106px\u00a0\u00bb custom_margin=\u00a0\u00bb-60px|auto||auto||\u00a0\u00bb][et_pb_column type=\u00a0\u00bb4_4&Prime; _builder_version=\u00a0\u00bb4.2.2&Prime;][et_pb_menu menu_style=\u00a0\u00bbcentered\u00a0\u00bb active_link_color=\u00a0\u00bb#a8430d\u00a0\u00bb menu_icon_color=\u00a0\u00bb#FFFFFF\u00a0\u00bb _builder_version=\u00a0\u00bb4.2.2&Prime; menu_font_size=\u00a0\u00bb20px\u00a0\u00bb background_color=\u00a0\u00bb#339028&Prime; background_layout=\u00a0\u00bbdark\u00a0\u00bb custom_margin=\u00a0\u00bb-14px|||||\u00a0\u00bb custom_padding=\u00a0\u00bb10px|10px|10px|10px|false|false\u00a0\u00bb][\/et_pb_menu][\/et_pb_column][\/et_pb_row][\/et_pb_section][et_pb_section fb_built=\u00a0\u00bb1&Prime; admin_label=\u00a0\u00bbsection\u00a0\u00bb _builder_version=\u00a0\u00bb4.2.2&Prime; background_image=\u00a0\u00bbhttps:\/\/www.cec-mouries.fr\/wp-content\/uploads\/2019\/11\/IMG_3145.jpg\u00a0\u00bb parallax=\u00a0\u00bbon\u00a0\u00bb parallax_method=\u00a0\u00bboff\u00a0\u00bb min_height=\u00a0\u00bb2465px\u00a0\u00bb custom_margin=\u00a0\u00bb-5px|||||\u00a0\u00bb custom_padding=\u00a0\u00bb||214px|||\u00a0\u00bb][et_pb_row column_structure=\u00a0\u00bb1_3,1_3,1_3&Prime; _builder_version=\u00a0\u00bb4.2.2&Prime; custom_margin=\u00a0\u00bb175px|auto||auto||\u00a0\u00bb][et_pb_column type=\u00a0\u00bb1_3&Prime; _builder_version=\u00a0\u00bb4.2.2&Prime;][\/et_pb_column][et_pb_column type=\u00a0\u00bb1_3&Prime; _builder_version=\u00a0\u00bb4.2.2&Prime;][et_pb_text _builder_version=\u00a0\u00bb4.2.2&Prime; background_color=\u00a0\u00bb#FFFFFF\u00a0\u00bb custom_padding=\u00a0\u00bb10px|||10px|false|false\u00a0\u00bb border_radii=\u00a0\u00bbon|10px|10px|10px|10px\u00a0\u00bb]<\/p>\n<h1 style=\"text-align: center;\">Lui apprendre \u00e0:<\/h1>\n<ul>\n<li>Ecouter<\/li>\n<li>Ob\u00e9ir (assis-rappel)<\/li>\n<li>Ne pas tirer en laisse<\/li>\n<li>Ne pas aboyer pour rien<\/li>\n<li>L&rsquo;\u00e9duquer<\/li>\n<li>Lui donner des ordres<\/li>\n<li style=\"text-align: left;\">L&rsquo;int\u00e9grer dans votre foyer<\/li>\n<\/ul>\n<p>[\/et_pb_text][\/et_pb_column][et_pb_column type=\u00a0\u00bb1_3&Prime; _builder_version=\u00a0\u00bb4.2.2&Prime;][\/et_pb_column][\/et_pb_row][et_pb_row column_structure=\u00a0\u00bb1_3,1_3,1_3&Prime; _builder_version=\u00a0\u00bb4.2.2&Prime; width=\u00a0\u00bb96%\u00a0\u00bb max_width=\u00a0\u00bb1712px\u00a0\u00bb custom_margin=\u00a0\u00bb91px|auto||auto||\u00a0\u00bb][et_pb_column type=\u00a0\u00bb1_3&Prime; _builder_version=\u00a0\u00bb4.2.2&Prime;][et_pb_text _builder_version=\u00a0\u00bb4.2.2&Prime; background_color=\u00a0\u00bb#FFFFFF\u00a0\u00bb custom_padding=\u00a0\u00bb10px||10px||false|false\u00a0\u00bb border_radii=\u00a0\u00bbon|10px|10px|10px|10px\u00a0\u00bb]<\/p>\n<h2 class=\"has-text-color has-medium-font-size\" style=\"text-align: center;\"><strong>Ecole du chiot<\/strong> :<\/h2>\n<p><!-- \/divi:paragraph --><\/p>\n<p style=\"text-align: center;\"><!-- divi:paragraph -->De 3 mois \u00e0 8 mois<\/p>\n<p><!-- \/divi:paragraph --><\/p>\n<p style=\"text-align: center;\"><!-- divi:paragraph -->Le samedi \u00e0 14h30<\/p>\n<p>[\/et_pb_text][\/et_pb_column][et_pb_column type=\u00a0\u00bb1_3&Prime; _builder_version=\u00a0\u00bb4.2.2&Prime;][et_pb_text _builder_version=\u00a0\u00bb4.2.2&Prime; background_color=\u00a0\u00bb#FFFFFF\u00a0\u00bb custom_padding=\u00a0\u00bb10px|10px|10px|10px|false|false\u00a0\u00bb border_radii=\u00a0\u00bbon|10px|10px|10px|10px\u00a0\u00bb]<\/p>\n<h2 class=\"has-text-color has-medium-font-size\" style=\"text-align: center;\"><strong>Education :<\/strong><\/h2>\n<p><!-- \/divi:paragraph --><\/p>\n<p><!-- divi:list --><\/p>\n<ul>\n<li>Cours d&rsquo;\u00e9ducation personnalis\u00e9s \u00e0 10h le lundi et vendredi<\/li>\n<\/ul>\n<p><!-- \/divi:list --><\/p>\n<p><!-- divi:list --><\/p>\n<ul>\n<li>Cours d&rsquo;\u00e9ducation en groupe \u00e0 14h30 le mercredi et samedi<\/li>\n<\/ul>\n<p><!-- \/divi:list --><\/p>\n<p><!-- divi:list --><\/p>\n<ul>\n<li>Classe 1 : D\u00e9butants de 8 mois et plus<\/li>\n<\/ul>\n<p><!-- \/divi:list --><\/p>\n<p><!-- divi:list --><\/p>\n<ul>\n<li>Classe 2 : Pr\u00e9paration au CSAU<\/li>\n<\/ul>\n<p>[\/et_pb_text][\/et_pb_column][et_pb_column type=\u00a0\u00bb1_3&Prime; _builder_version=\u00a0\u00bb4.2.2&Prime;][et_pb_text _builder_version=\u00a0\u00bb4.2.2&Prime; background_color=\u00a0\u00bb#FFFFFF\u00a0\u00bb custom_padding=\u00a0\u00bb10px||10px||false|false\u00a0\u00bb border_radii=\u00a0\u00bbon|10px|10px|10px|10px\u00a0\u00bb]<\/p>\n<h2 class=\"has-text-color has-medium-font-size\" style=\"text-align: center;\"><strong>Ob\u00e9issance<\/strong> :<\/h2>\n<p><!-- \/divi:paragraph --><\/p>\n<p style=\"text-align: center;\"><!-- divi:paragraph -->Classe d\u00e9butants pr\u00e9paration au brevet et concours niveau 1 &#8211; 2 et 3<\/p>\n<p>[\/et_pb_text][\/et_pb_column][\/et_pb_row][et_pb_row _builder_version=\u00a0\u00bb4.4.6&Prime; custom_margin=\u00a0\u00bb104px|auto||auto||\u00a0\u00bb hover_enabled=\u00a0\u00bb0&Prime; column_structure=\u00a0\u00bb1_2,1_2&Prime; width=\u00a0\u00bb100%\u00a0\u00bb max_width=\u00a0\u00bb1376px\u00a0\u00bb][et_pb_column type=\u00a0\u00bb1_2&Prime; _builder_version=\u00a0\u00bb4.2.2&Prime;][et_pb_image src=\u00a0\u00bbhttps:\/\/www.cec-mouries.fr\/wp-content\/uploads\/2020\/06\/ambiance-mouries-2-1.jpg\u00a0\u00bb align=\u00a0\u00bbcenter\u00a0\u00bb _builder_version=\u00a0\u00bb4.4.6&Prime; hover_enabled=\u00a0\u00bb0&Prime; border_radii=\u00a0\u00bbon|10px|10px|10px|10px\u00a0\u00bb border_width_all=\u00a0\u00bb8px\u00a0\u00bb border_color_all=\u00a0\u00bb#FFFFFF\u00a0\u00bb title_text=\u00a0\u00bbambiance-mouries-2-1&Prime;][\/et_pb_image][\/et_pb_column][et_pb_column type=\u00a0\u00bb1_2&Prime; _builder_version=\u00a0\u00bb4.2.2&Prime;][et_pb_image src=\u00a0\u00bbhttps:\/\/www.cec-mouries.fr\/wp-content\/uploads\/2020\/06\/ambiance-mouries-3.jpg\u00a0\u00bb align=\u00a0\u00bbcenter\u00a0\u00bb _builder_version=\u00a0\u00bb4.4.6&Prime; hover_enabled=\u00a0\u00bb0&Prime; border_radii=\u00a0\u00bbon|10px|10px|10px|10px\u00a0\u00bb border_width_all=\u00a0\u00bb5px\u00a0\u00bb border_color_all=\u00a0\u00bb#FFFFFF\u00a0\u00bb title_text=\u00a0\u00bbambiance-mouries-3&Prime;][\/et_pb_image][\/et_pb_column][\/et_pb_row][et_pb_row _builder_version=\u00a0\u00bb4.4.6&Prime; custom_margin=\u00a0\u00bb104px|auto||auto||\u00a0\u00bb hover_enabled=\u00a0\u00bb0&Prime; column_structure=\u00a0\u00bb1_2,1_2&Prime; width=\u00a0\u00bb100%\u00a0\u00bb max_width=\u00a0\u00bb1376px\u00a0\u00bb][et_pb_column type=\u00a0\u00bb1_2&Prime; _builder_version=\u00a0\u00bb4.2.2&Prime;][et_pb_image src=\u00a0\u00bbhttps:\/\/www.cec-mouries.fr\/wp-content\/uploads\/2019\/09\/IMG_8095-1-e1579811570363.jpg\u00a0\u00bb align=\u00a0\u00bbcenter\u00a0\u00bb _builder_version=\u00a0\u00bb4.2.2&Prime; hover_enabled=\u00a0\u00bb0&Prime; border_radii=\u00a0\u00bbon|10px|10px|10px|10px\u00a0\u00bb border_width_all=\u00a0\u00bb8px\u00a0\u00bb border_color_all=\u00a0\u00bb#FFFFFF\u00a0\u00bb][\/et_pb_image][\/et_pb_column][et_pb_column type=\u00a0\u00bb1_2&Prime; _builder_version=\u00a0\u00bb4.2.2&Prime;][et_pb_image src=\u00a0\u00bbhttps:\/\/www.cec-mouries.fr\/wp-content\/uploads\/2019\/09\/IMG_8099-e1579811583378.jpg\u00a0\u00bb align=\u00a0\u00bbcenter\u00a0\u00bb _builder_version=\u00a0\u00bb4.2.2&Prime; border_radii=\u00a0\u00bbon|10px|10px|10px|10px\u00a0\u00bb border_width_all=\u00a0\u00bb5px\u00a0\u00bb border_color_all=\u00a0\u00bb#FFFFFF\u00a0\u00bb][\/et_pb_image][\/et_pb_column][\/et_pb_row][\/et_pb_section][et_pb_section fb_built=\u00a0\u00bb1&Prime; _builder_version=\u00a0\u00bb4.2.2&Prime; background_color=\u00a0\u00bb#260F03&Prime; custom_padding=\u00a0\u00bb147px||2px|||\u00a0\u00bb top_divider_color=\u00a0\u00bb#7CDA24&Prime;][et_pb_row column_structure=\u00a0\u00bb1_2,1_2&Prime; _builder_version=\u00a0\u00bb4.2.2&Prime; width=\u00a0\u00bb86%\u00a0\u00bb max_width=\u00a0\u00bb1428px\u00a0\u00bb custom_padding=\u00a0\u00bb21px|||||\u00a0\u00bb][et_pb_column type=\u00a0\u00bb1_2&Prime; _builder_version=\u00a0\u00bb4.2.2&Prime;][et_pb_text _builder_version=\u00a0\u00bb4.2.2&Prime; background_layout=\u00a0\u00bbdark\u00a0\u00bb]<\/p>\n<p><a href=\"https:\/\/www.cec-mouries.fr\/index.php\/mentions-legales\/\">Mentions l\u00e9gales<\/a> &#8211; <a href=\"https:\/\/www.cec-mouries.fr\/index.php\/politique-de-confidentialite\/\">Politique de confidentialit\u00e9<\/a><\/p>\n<p>[\/et_pb_text][\/et_pb_column][et_pb_column type=\u00a0\u00bb1_2&Prime; _builder_version=\u00a0\u00bb4.2.2&Prime;][et_pb_text _builder_version=\u00a0\u00bb4.2.2&Prime; background_layout=\u00a0\u00bbdark\u00a0\u00bb]<\/p>\n<p style=\"text-align: right;\">Webdesigned by <a href=\"https:\/\/www.sicreation.fr\">SI CREATION<\/a> &amp; <a href=\"https:\/\/www.vgi-production.fr\">VGI PRODUCTION<\/a><\/p>\n<p>[\/et_pb_text][\/et_pb_column][\/et_pb_row][\/et_pb_section]<\/p>\n","protected":false},"excerpt":{"rendered":"<p>Lui apprendre \u00e0: Ecouter Ob\u00e9ir (assis-rappel) Ne pas tirer en laisse Ne pas aboyer pour rien L&rsquo;\u00e9duquer Lui donner des ordres L&rsquo;int\u00e9grer dans votre foyer Ecole du chiot : De 3 mois \u00e0 8 mois Le samedi \u00e0 14h30Education : Cours d&rsquo;\u00e9ducation personnalis\u00e9s \u00e0 10h le lundi et vendredi Cours d&rsquo;\u00e9ducation en groupe \u00e0 14h30 [&hellip;]<\/p>\n","protected":false},"author":3,"featured_media":0,"parent":0,"menu_order":0,"comment_status":"closed","ping_status":"closed","template":"page-template-blank.php","meta":{"_et_pb_use_builder":"on","_et_pb_old_content":"<!-- wp:paragraph {\"customTextColor\":\"#1fbc2e\",\"fontSize\":\"medium\"} -->\n<p style=\"color:#1fbc2e\" class=\"has-text-color has-medium-font-size\"><strong>Pour lui apprendre \u00e0 :<\/strong><\/p>\n<!-- \/wp:paragraph -->\n\n<!-- wp:list -->\n<ul><li>Ecouter<\/li><li>Ob\u00e9ir (assis-rappel)<\/li><li>Ne pas tirer en laisse<\/li><li>Ne pas aboyer pour rien<\/li><li>L'\u00e9duquer<\/li><li>Lui donner des ordres<\/li><li>L'int\u00e9grer dans votre foyer<\/li><\/ul>\n<!-- \/wp:list -->\n\n<!-- wp:spacer {\"height\":50} -->\n<div style=\"height:50px\" aria-hidden=\"true\" class=\"wp-block-spacer\"><\/div>\n<!-- \/wp:spacer -->\n\n<!-- wp:separator {\"className\":\"is-style-dots\"} -->\n<hr class=\"wp-block-separator is-style-dots\"\/>\n<!-- \/wp:separator -->\n\n<!-- wp:paragraph {\"customTextColor\":\"#1fbc2e\",\"fontSize\":\"medium\"} -->\n<p style=\"color:#1fbc2e\" class=\"has-text-color has-medium-font-size\"><strong>Ecole du chiot<\/strong> : <\/p>\n<!-- \/wp:paragraph -->\n\n<!-- wp:paragraph -->\n<p>De 3 mois \u00e0 8 mois <\/p>\n<!-- \/wp:paragraph -->\n\n<!-- wp:paragraph -->\n<p>Le samedi \u00e0 14h30<\/p>\n<!-- \/wp:paragraph -->\n\n<!-- wp:spacer {\"height\":50} -->\n<div style=\"height:50px\" aria-hidden=\"true\" class=\"wp-block-spacer\"><\/div>\n<!-- \/wp:spacer -->\n\n<!-- wp:separator {\"className\":\"is-style-dots\"} -->\n<hr class=\"wp-block-separator is-style-dots\"\/>\n<!-- \/wp:separator -->\n\n<!-- wp:paragraph {\"customTextColor\":\"#1fbc2e\",\"fontSize\":\"medium\"} -->\n<p style=\"color:#1fbc2e\" class=\"has-text-color has-medium-font-size\"><strong>Education :<\/strong> <\/p>\n<!-- \/wp:paragraph -->\n\n<!-- wp:list -->\n<ul><li>Cours d'\u00e9ducation personnalis\u00e9s \u00e0 10h le lundi et vendredi<\/li><\/ul>\n<!-- \/wp:list -->\n\n<!-- wp:list -->\n<ul><li>Cours d'\u00e9ducation en groupe \u00e0 14h30 le mercredi et samedi<\/li><\/ul>\n<!-- \/wp:list -->\n\n<!-- wp:list -->\n<ul><li> Classe 1 : D\u00e9butants de 8 mois et plus<\/li><\/ul>\n<!-- \/wp:list -->\n\n<!-- wp:list -->\n<ul><li> Classe 2 : Pr\u00e9paration au CSAU<\/li><\/ul>\n<!-- \/wp:list -->\n\n<!-- wp:spacer {\"height\":50} -->\n<div style=\"height:50px\" aria-hidden=\"true\" class=\"wp-block-spacer\"><\/div>\n<!-- \/wp:spacer -->\n\n<!-- wp:separator {\"className\":\"is-style-dots\"} -->\n<hr class=\"wp-block-separator is-style-dots\"\/>\n<!-- \/wp:separator -->\n\n<!-- wp:paragraph {\"customTextColor\":\"#1fbc2e\",\"fontSize\":\"medium\"} -->\n<p style=\"color:#1fbc2e\" class=\"has-text-color has-medium-font-size\"><strong>Ob\u00e9issance<\/strong> : <\/p>\n<!-- \/wp:paragraph -->\n\n<!-- wp:paragraph -->\n<p>Classe d\u00e9butants  pr\u00e9paration au brevet et concours niveau 1 - 2 et 3<\/p>\n<!-- \/wp:paragraph -->\n\n<!-- wp:image {\"id\":117,\"align\":\"center\"} -->\n<div class=\"wp-block-image\"><figure class=\"aligncenter\"><img src=\"https:\/\/www.cec-mouries.fr\/wp-content\/uploads\/2019\/09\/IMG_8095-1024x683.jpg\" alt=\"\" class=\"wp-image-117\"\/><\/figure><\/div>\n<!-- \/wp:image -->\n\n<!-- wp:image {\"id\":118} -->\n<figure class=\"wp-block-image\"><img src=\"https:\/\/www.cec-mouries.fr\/wp-content\/uploads\/2019\/09\/IMG_8099-1024x683.jpg\" alt=\"\" class=\"wp-image-118\"\/><\/figure>\n<!-- \/wp:image -->\n\n<!-- wp:spacer -->\n<div style=\"height:100px\" aria-hidden=\"true\" class=\"wp-block-spacer\"><\/div>\n<!-- \/wp:spacer -->\n\n<!-- wp:paragraph -->\n<p><\/p>\n<!-- \/wp:paragraph -->","_et_gb_content_width":"","footnotes":""},"class_list":["post-48","page","type-page","status-publish","hentry"],"_links":{"self":[{"href":"https:\/\/www.cec-mouries.fr\/index.php\/wp-json\/wp\/v2\/pages\/48","targetHints":{"allow":["GET"]}}],"collection":[{"href":"https:\/\/www.cec-mouries.fr\/index.php\/wp-json\/wp\/v2\/pages"}],"about":[{"href":"https:\/\/www.cec-mouries.fr\/index.php\/wp-json\/wp\/v2\/types\/page"}],"author":[{"embeddable":true,"href":"https:\/\/www.cec-mouries.fr\/index.php\/wp-json\/wp\/v2\/users\/3"}],"replies":[{"embeddable":true,"href":"https:\/\/www.cec-mouries.fr\/index.php\/wp-json\/wp\/v2\/comments?post=48"}],"version-history":[{"count":26,"href":"https:\/\/www.cec-mouries.fr\/index.php\/wp-json\/wp\/v2\/pages\/48\/revisions"}],"predecessor-version":[{"id":610,"href":"https:\/\/www.cec-mouries.fr\/index.php\/wp-json\/wp\/v2\/pages\/48\/revisions\/610"}],"wp:attachment":[{"href":"https:\/\/www.cec-mouries.fr\/index.php\/wp-json\/wp\/v2\/media?parent=48"}],"curies":[{"name":"wp","href":"https:\/\/api.w.org\/{rel}","templated":true}]}}